{"id":4150,"date":"2019-02-01T16:54:58","date_gmt":"2019-02-01T15:54:58","guid":{"rendered":"http:\/\/oliviericonsulting.it\/note-legali\/"},"modified":"2019-02-08T08:16:13","modified_gmt":"2019-02-08T07:16:13","slug":"note-legali","status":"publish","type":"page","link":"https:\/\/oliviericonsulting.it\/it\/note-legali\/","title":{"rendered":"Note legali"},"content":{"rendered":"<p>[vc_row][vc_column el_id=&#8221;3731&#8243;][vc_column_text]<\/p>\n<h2>Note legali &#8211; Olivieri Consulting<\/h2>\n<h4>Responsabile:<\/h4>\n<p>Olivieri Consulting<br \/>\nStudio dottori commercialisti<br \/>\nVia stazione 27a<br \/>\n39042 Bressanone<br \/>\nTel.: +39 0472 830 889<br \/>\ninfo@oliviericonsulting.it<br \/>\nwww.oliviericonsulting.it<\/p>\n<p>Part.IVA: IT02796460216<br \/>\nCodice Fiscale: LVRMNL77R03B160T<\/p>\n<p><strong>Rappresentato e responsabile del contenuto:<\/strong><br \/>\nDott. Manuel Olivieri<br \/>\nVia stazione 27a<br \/>\n39042 Bressanone<br \/>\nTel.: +39 0472 830 889<\/p>\n<h4>Concetto, design e realizzazione:<\/h4>\n<p>Minedesign SNC<br \/>\ndi Daniel Olivieri e Matthias Mur<br \/>\nvia Fraghes 6 &#8211; 39043 Chiusa<br \/>\nTel.: +39 0472 847 216<br \/>\n<a href=\"mailto:info@minedesign.it\">info@minedesign.it<\/a><br \/>\n<a href=\"http:\/\/www.minedesign.it\">www.minedesign.it<\/a><br \/>\nPart. IVA: IT02961340219<\/p>\n<h4>Riferimento grafica, immagini, foto e testi:<\/h4>\n<p>Dott. Manuel Olivieri<br \/>\nVia stazione 27a<br \/>\n39042 Bressanone<br \/>\nTel.: +39 0472 830 889<\/p>\n<h4>Controversie secondo la normativa UE<\/h4>\n<p>Informazioni richieste dal regolamento (UE) n. 524\/2016 del Parlamento europeo e della piattaforma per la risoluzione online delle controversie in materia di consumo (ODR) della Commissione europea: <a href=\"https:\/\/ec.europa.eu\/consumers\/odr\/\">Link<\/a><\/p>\n<h3>Dichiariazione liberatoria<\/h3>\n<h4>Responsabilit\u00e0 per contenuti<\/h4>\n<p>I contenuti delle nostre pagine sono stati creati con la massima cura. Tuttavia, non ci assumiamo alcuna responsabilit\u00e0 per la correttezza, la completezza e l&#8217;attualit\u00e0 dei contenuti. In qualit\u00e0 di fornitore di servizi, siamo responsabili dei contenuti di queste pagine in conformit\u00e0 con le leggi generali. Tuttavia, in qualit\u00e0 di fornitore di servizi, non siamo obbligati a controllare le informazioni trasmesse o memorizzate da terzi o a indagare su circostanze che indicano un&#8217;attivit\u00e0 illegale. L&#8217;obbligo di rimuovere o bloccare l&#8217;uso delle informazioni in conformit\u00e0 alle leggi generali rimane inalterato. Tuttavia, la responsabilit\u00e0 a tale riguardo \u00e8 possibile solo a partire dal momento in cui si viene a conoscenza di una violazione concreta della legge. Non appena veniamo a conoscenza di tali violazioni, provvederemo a rimuovere immediatamente questi contenuti.<\/p>\n<h4>Responsabilit\u00e0 per i link<\/h4>\n<p>La nostra offerta contiene link a siti web esterni di terzi, sui cui contenuti non abbiamo alcuna influenza. Pertanto, non possiamo assumerci alcuna responsabilit\u00e0 per questi contenuti esterni. Il rispettivo fornitore o gestore delle pagine \u00e8 sempre responsabile dei contenuti delle pagine collegate. Le pagine collegate sono state controllate per verificare l&#8217;assenza di possibili infrazioni legali al momento del collegamento. I contenuti illegali non erano riconoscibili al momento del collegamento. Tuttavia, un controllo permanente dei contenuti delle pagine collegate non \u00e8 ragionevole senza prove concrete di una violazione della legge. Noi rimuoveremo tali link immediatamente dopo essere venuti a conoscenza di eventuali violazioni della legge.<\/p>\n<h4>Copyright<\/h4>\n<p>I contenuti e le opere presenti su queste pagine create dal proprietario del sito web e da terzi con accesso amministratore sono soggetti a copyright. La duplicazione, l&#8217;elaborazione, la distribuzione e qualsiasi forma di commercializzazione di tale materiale al di fuori dell&#8217;ambito della legge sul diritto d&#8217;autore richiede il previo consenso scritto del rispettivo autore o creatore. Il download e le copie di queste pagine sono consentiti solo per uso privato e non commerciale. Nella misura in cui il contenuto di questo sito non \u00e8 stato creato dal gestore, i diritti d&#8217;autore di terzi sono rispettati. In particolare, i contenuti di terzi sono contrassegnati come tali. Qualora venisse comunque a conoscenza di una violazione del diritto d&#8217;autore, la preghiamo di informarci di conseguenza. Non appena ci rendiamo conto di eventuali violazioni della legge, elimineremo immediatamente tali contenuti.<\/p>\n<h4>Informazioni NON contenute in questa note legale<\/h4>\n<p>Ulteriori informazioni possono essere richieste in qualsiasi momento al responsabile utilizzando i dati di contatto forniti. Questa note legale riguarda solo questo sito web.<br \/>\n[\/vc_column_text][\/vc_column][\/vc_row]<\/p>\n","protected":false},"excerpt":{"rendered":"<p>[vc_row][vc_column el_id=&#8221;3731&#8243;][vc_column_text] Note legali &#8211; Olivieri Consulting Responsabile: Olivieri Consulting Studio dottori commercialisti Via stazione 27a 39042 Bressanone Tel.: +39 0472 830 889 info@oliviericonsulting.it www.oliviericonsulting.it Part.IVA: IT02796460216 Codice Fiscale: LVRMNL77R03B160T Rappresentato e responsabile del contenuto: Dott. Manuel Olivieri Via stazione 27a 39042 Bressanone Tel.: +39 0472 830 889 Concetto, design e realizzazione: Minedesign SNC di [&hellip;]<\/p>\n","protected":false},"author":1,"featured_media":0,"parent":0,"menu_order":0,"comment_status":"closed","ping_status":"closed","template":"blank-slate-template.php","meta":[],"yoast_head":"<!-- This site is optimized with the Yoast SEO plugin v21.1 - https:\/\/yoast.com\/wordpress\/plugins\/seo\/ -->\n<title>Olivieri Consulting | Commercialista a Bressanone | Note legali<\/title>\n<meta name=\"description\" content=\"Dott. Commercialista \u00b7 Consulenza fiscale \u00b7 Revisione contabile \u00b7 Contabilit\u00e0 \u00b7 Bressanone Alto Adige\" \/>\n<meta name=\"robots\" content=\"noindex, nofollow\" \/>\n<meta property=\"og:locale\" content=\"it_IT\" \/>\n<meta property=\"og:type\" content=\"article\" \/>\n<meta property=\"og:title\" content=\"Olivieri Consulting | Commercialista a Bressanone | Note legali\" \/>\n<meta property=\"og:description\" content=\"Dott. Commercialista \u00b7 Consulenza fiscale \u00b7 Revisione contabile \u00b7 Contabilit\u00e0 \u00b7 Bressanone Alto Adige\" \/>\n<meta property=\"og:url\" content=\"https:\/\/oliviericonsulting.it\/it\/note-legali\/\" \/>\n<meta property=\"og:site_name\" content=\"Olivieri Consulting\" \/>\n<meta property=\"article:publisher\" content=\"https:\/\/www.facebook.com\/OlivieriConsulting\" \/>\n<meta property=\"article:modified_time\" content=\"2019-02-08T07:16:13+00:00\" \/>\n<meta name=\"twitter:card\" content=\"summary_large_image\" \/>\n<meta name=\"twitter:label1\" content=\"Tempo di lettura stimato\" \/>\n\t<meta name=\"twitter:data1\" content=\"3 minuti\" \/>\n<script type=\"application\/ld+json\" class=\"yoast-schema-graph\">{\"@context\":\"https:\/\/schema.org\",\"@graph\":[{\"@type\":\"WebPage\",\"@id\":\"https:\/\/oliviericonsulting.it\/it\/note-legali\/\",\"url\":\"https:\/\/oliviericonsulting.it\/it\/note-legali\/\",\"name\":\"Olivieri Consulting | Commercialista a Bressanone | Note legali\",\"isPartOf\":{\"@id\":\"https:\/\/oliviericonsulting.it\/#website\"},\"datePublished\":\"2019-02-01T15:54:58+00:00\",\"dateModified\":\"2019-02-08T07:16:13+00:00\",\"description\":\"Dott. Commercialista \u00b7 Consulenza fiscale \u00b7 Revisione contabile \u00b7 Contabilit\u00e0 \u00b7 Bressanone Alto Adige\",\"breadcrumb\":{\"@id\":\"https:\/\/oliviericonsulting.it\/it\/note-legali\/#breadcrumb\"},\"inLanguage\":\"it-IT\",\"potentialAction\":[{\"@type\":\"ReadAction\",\"target\":[\"https:\/\/oliviericonsulting.it\/it\/note-legali\/\"]}]},{\"@type\":\"BreadcrumbList\",\"@id\":\"https:\/\/oliviericonsulting.it\/it\/note-legali\/#breadcrumb\",\"itemListElement\":[{\"@type\":\"ListItem\",\"position\":1,\"name\":\"Startseite\",\"item\":\"https:\/\/oliviericonsulting.it\/it\/olivieri-consulting\/\"},{\"@type\":\"ListItem\",\"position\":2,\"name\":\"Note legali\"}]},{\"@type\":\"WebSite\",\"@id\":\"https:\/\/oliviericonsulting.it\/#website\",\"url\":\"https:\/\/oliviericonsulting.it\/\",\"name\":\"Olivieri Consulting\",\"description\":\"Wirtschaftsberater und Steuerberater in Brixen\",\"publisher\":{\"@id\":\"https:\/\/oliviericonsulting.it\/#organization\"},\"potentialAction\":[{\"@type\":\"SearchAction\",\"target\":{\"@type\":\"EntryPoint\",\"urlTemplate\":\"https:\/\/oliviericonsulting.it\/?s={search_term_string}\"},\"query-input\":\"required name=search_term_string\"}],\"inLanguage\":\"it-IT\"},{\"@type\":\"Organization\",\"@id\":\"https:\/\/oliviericonsulting.it\/#organization\",\"name\":\"Olivieri Consulting\",\"url\":\"https:\/\/oliviericonsulting.it\/\",\"logo\":{\"@type\":\"ImageObject\",\"inLanguage\":\"it-IT\",\"@id\":\"https:\/\/oliviericonsulting.it\/#\/schema\/logo\/image\/\",\"url\":\"http:\/\/oliviericonsulting.it\/wp-content\/uploads\/2019\/01\/olivieri-consulting-brixen-1.jpg\",\"contentUrl\":\"http:\/\/oliviericonsulting.it\/wp-content\/uploads\/2019\/01\/olivieri-consulting-brixen-1.jpg\",\"width\":945,\"height\":297,\"caption\":\"Olivieri Consulting\"},\"image\":{\"@id\":\"https:\/\/oliviericonsulting.it\/#\/schema\/logo\/image\/\"},\"sameAs\":[\"https:\/\/www.facebook.com\/OlivieriConsulting\"]}]}<\/script>\n<!-- \/ Yoast SEO plugin. -->","yoast_head_json":{"title":"Olivieri Consulting | Commercialista a Bressanone | Note legali","description":"Dott. Commercialista \u00b7 Consulenza fiscale \u00b7 Revisione contabile \u00b7 Contabilit\u00e0 \u00b7 Bressanone Alto Adige","robots":{"index":"noindex","follow":"nofollow"},"og_locale":"it_IT","og_type":"article","og_title":"Olivieri Consulting | Commercialista a Bressanone | Note legali","og_description":"Dott. Commercialista \u00b7 Consulenza fiscale \u00b7 Revisione contabile \u00b7 Contabilit\u00e0 \u00b7 Bressanone Alto Adige","og_url":"https:\/\/oliviericonsulting.it\/it\/note-legali\/","og_site_name":"Olivieri Consulting","article_publisher":"https:\/\/www.facebook.com\/OlivieriConsulting","article_modified_time":"2019-02-08T07:16:13+00:00","twitter_card":"summary_large_image","twitter_misc":{"Tempo di lettura stimato":"3 minuti"},"schema":{"@context":"https:\/\/schema.org","@graph":[{"@type":"WebPage","@id":"https:\/\/oliviericonsulting.it\/it\/note-legali\/","url":"https:\/\/oliviericonsulting.it\/it\/note-legali\/","name":"Olivieri Consulting | Commercialista a Bressanone | Note legali","isPartOf":{"@id":"https:\/\/oliviericonsulting.it\/#website"},"datePublished":"2019-02-01T15:54:58+00:00","dateModified":"2019-02-08T07:16:13+00:00","description":"Dott. Commercialista \u00b7 Consulenza fiscale \u00b7 Revisione contabile \u00b7 Contabilit\u00e0 \u00b7 Bressanone Alto Adige","breadcrumb":{"@id":"https:\/\/oliviericonsulting.it\/it\/note-legali\/#breadcrumb"},"inLanguage":"it-IT","potentialAction":[{"@type":"ReadAction","target":["https:\/\/oliviericonsulting.it\/it\/note-legali\/"]}]},{"@type":"BreadcrumbList","@id":"https:\/\/oliviericonsulting.it\/it\/note-legali\/#breadcrumb","itemListElement":[{"@type":"ListItem","position":1,"name":"Startseite","item":"https:\/\/oliviericonsulting.it\/it\/olivieri-consulting\/"},{"@type":"ListItem","position":2,"name":"Note legali"}]},{"@type":"WebSite","@id":"https:\/\/oliviericonsulting.it\/#website","url":"https:\/\/oliviericonsulting.it\/","name":"Olivieri Consulting","description":"Wirtschaftsberater und Steuerberater in Brixen","publisher":{"@id":"https:\/\/oliviericonsulting.it\/#organization"},"potentialAction":[{"@type":"SearchAction","target":{"@type":"EntryPoint","urlTemplate":"https:\/\/oliviericonsulting.it\/?s={search_term_string}"},"query-input":"required name=search_term_string"}],"inLanguage":"it-IT"},{"@type":"Organization","@id":"https:\/\/oliviericonsulting.it\/#organization","name":"Olivieri Consulting","url":"https:\/\/oliviericonsulting.it\/","logo":{"@type":"ImageObject","inLanguage":"it-IT","@id":"https:\/\/oliviericonsulting.it\/#\/schema\/logo\/image\/","url":"http:\/\/oliviericonsulting.it\/wp-content\/uploads\/2019\/01\/olivieri-consulting-brixen-1.jpg","contentUrl":"http:\/\/oliviericonsulting.it\/wp-content\/uploads\/2019\/01\/olivieri-consulting-brixen-1.jpg","width":945,"height":297,"caption":"Olivieri Consulting"},"image":{"@id":"https:\/\/oliviericonsulting.it\/#\/schema\/logo\/image\/"},"sameAs":["https:\/\/www.facebook.com\/OlivieriConsulting"]}]}},"_links":{"self":[{"href":"https:\/\/oliviericonsulting.it\/it\/wp-json\/wp\/v2\/pages\/4150"}],"collection":[{"href":"https:\/\/oliviericonsulting.it\/it\/wp-json\/wp\/v2\/pages"}],"about":[{"href":"https:\/\/oliviericonsulting.it\/it\/wp-json\/wp\/v2\/types\/page"}],"author":[{"embeddable":true,"href":"https:\/\/oliviericonsulting.it\/it\/wp-json\/wp\/v2\/users\/1"}],"replies":[{"embeddable":true,"href":"https:\/\/oliviericonsulting.it\/it\/wp-json\/wp\/v2\/comments?post=4150"}],"version-history":[{"count":3,"href":"https:\/\/oliviericonsulting.it\/it\/wp-json\/wp\/v2\/pages\/4150\/revisions"}],"predecessor-version":[{"id":4388,"href":"https:\/\/oliviericonsulting.it\/it\/wp-json\/wp\/v2\/pages\/4150\/revisions\/4388"}],"wp:attachment":[{"href":"https:\/\/oliviericonsulting.it\/it\/wp-json\/wp\/v2\/media?parent=4150"}],"curies":[{"name":"wp","href":"https:\/\/api.w.org\/{rel}","templated":true}]}}